{"id":1675,"date":"2021-09-01T20:36:33","date_gmt":"2021-09-01T20:36:33","guid":{"rendered":"http:\/\/akitasumax.com\/?page_id=1675"},"modified":"2021-10-05T21:22:59","modified_gmt":"2021-10-05T21:22:59","slug":"akt-ss-4000r","status":"publish","type":"page","link":"https:\/\/akitasumax.com\/portugues\/akt-ss-4000r\/","title":{"rendered":"AKT-SS-4000R"},"content":{"rendered":"<div data-elementor-type=\"wp-page\" data-elementor-id=\"1675\" class=\"elementor elementor-1675\">\n\t\t\t\t\t\t<section class=\"elementor-section elementor-top-section elementor-element elementor-element-21d68b3 elementor-section-boxed elementor-section-height-default elementor-section-height-default\" data-id=\"21d68b3\" data-element_type=\"section\" data-e-type=\"section\">\n\t\t\t\t\t\t<div class=\"elementor-container elementor-column-gap-default\">\n\t\t\t\t\t<div class=\"elementor-column elementor-col-100 elementor-top-column elementor-element elementor-element-7530a20\" data-id=\"7530a20\" data-element_type=\"column\" data-e-type=\"column\">\n\t\t\t<div class=\"elementor-widget-wrap elementor-element-populated\">\n\t\t\t\t\t\t<div class=\"elementor-element elementor-element-cae740a elementor-widget elementor-widget-spacer\" data-id=\"cae740a\" data-element_type=\"widget\" data-e-type=\"widget\" data-widget_type=\"spacer.default\">\n\t\t\t\t<div class=\"elementor-widget-container\">\n\t\t\t\t\t\t\t<div class=\"elementor-spacer\">\n\t\t\t<div class=\"elementor-spacer-inner\"><\/div>\n\t\t<\/div>\n\t\t\t\t\t\t<\/div>\n\t\t\t\t<\/div>\n\t\t\t\t\t<\/div>\n\t\t<\/div>\n\t\t\t\t\t<\/div>\n\t\t<\/section>\n\t\t\t\t<section class=\"elementor-section elementor-top-section elementor-element elementor-element-3ab3ac3 elementor-section-boxed elementor-section-height-default elementor-section-height-default\" data-id=\"3ab3ac3\" data-element_type=\"section\" data-e-type=\"section\">\n\t\t\t\t\t\t<div class=\"elementor-container elementor-column-gap-default\">\n\t\t\t\t\t<div class=\"elementor-column elementor-col-100 elementor-top-column elementor-element elementor-element-fdb61e1\" data-id=\"fdb61e1\" data-element_type=\"column\" data-e-type=\"column\">\n\t\t\t<div class=\"elementor-widget-wrap elementor-element-populated\">\n\t\t\t\t\t\t<section class=\"elementor-section elementor-inner-section elementor-element elementor-element-3306f3e elementor-section-boxed elementor-section-height-default elementor-section-height-default\" data-id=\"3306f3e\" data-element_type=\"section\" data-e-type=\"section\">\n\t\t\t\t\t\t<div class=\"elementor-container elementor-column-gap-default\">\n\t\t\t\t\t<div class=\"elementor-column elementor-col-33 elementor-inner-column elementor-element elementor-element-048f987\" data-id=\"048f987\" data-element_type=\"column\" data-e-type=\"column\">\n\t\t\t<div class=\"elementor-widget-wrap elementor-element-populated\">\n\t\t\t\t\t\t<div class=\"elementor-element elementor-element-ae3bf83 elementor-widget elementor-widget-image\" data-id=\"ae3bf83\" data-element_type=\"widget\" data-e-type=\"widget\" data-widget_type=\"image.default\">\n\t\t\t\t<div class=\"elementor-widget-container\">\n\t\t\t\t\t\t\t\t\t\t\t\t\t\t\t<img fetchpriority=\"high\" decoding=\"async\" width=\"548\" height=\"640\" src=\"https:\/\/akitasumax.com\/wp-content\/uploads\/2021\/09\/AKT-SS-4000R-02.jpg\" class=\"attachment-large size-large wp-image-1655\" alt=\"\" srcset=\"https:\/\/akitasumax.com\/wp-content\/uploads\/2021\/09\/AKT-SS-4000R-02.jpg 548w, https:\/\/akitasumax.com\/wp-content\/uploads\/2021\/09\/AKT-SS-4000R-02-257x300.jpg 257w\" sizes=\"(max-width: 548px) 100vw, 548px\" \/>\t\t\t\t\t\t\t\t\t\t\t\t\t\t\t<\/div>\n\t\t\t\t<\/div>\n\t\t\t\t\t<\/div>\n\t\t<\/div>\n\t\t\t\t<div class=\"elementor-column elementor-col-33 elementor-inner-column elementor-element elementor-element-f43602a\" data-id=\"f43602a\" data-element_type=\"column\" data-e-type=\"column\">\n\t\t\t<div class=\"elementor-widget-wrap\">\n\t\t\t\t\t\t\t<\/div>\n\t\t<\/div>\n\t\t\t\t<div class=\"elementor-column elementor-col-33 elementor-inner-column elementor-element elementor-element-daa09b9\" data-id=\"daa09b9\" data-element_type=\"column\" data-e-type=\"column\">\n\t\t\t<div class=\"elementor-widget-wrap elementor-element-populated\">\n\t\t\t\t\t\t<div class=\"elementor-element elementor-element-67d0ed3 elementor-widget elementor-widget-heading\" data-id=\"67d0ed3\" data-element_type=\"widget\" data-e-type=\"widget\" data-widget_type=\"heading.default\">\n\t\t\t\t<div class=\"elementor-widget-container\">\n\t\t\t\t\t<h2 class=\"elementor-heading-title elementor-size-default\">AKT-SS-4000R<\/h2>\t\t\t\t<\/div>\n\t\t\t\t<\/div>\n\t\t\t\t<div class=\"elementor-element elementor-element-7da55d8 elementor-widget elementor-widget-text-editor\" data-id=\"7da55d8\" data-element_type=\"widget\" data-e-type=\"widget\" data-widget_type=\"text-editor.default\">\n\t\t\t\t<div class=\"elementor-widget-container\">\n\t\t\t\t\t\t\t\t\t<p><strong>Manivela<\/strong><\/p>\t\t\t\t\t\t\t\t<\/div>\n\t\t\t\t<\/div>\n\t\t\t\t<div class=\"elementor-element elementor-element-b9e57ca elementor-align-left elementor-widget elementor-widget-button\" data-id=\"b9e57ca\" data-element_type=\"widget\" data-e-type=\"widget\" data-widget_type=\"button.default\">\n\t\t\t\t<div class=\"elementor-widget-container\">\n\t\t\t\t\t\t\t\t\t<div class=\"elementor-button-wrapper\">\n\t\t\t\t\t<a class=\"elementor-button elementor-button-link elementor-size-sm\" href=\"https:\/\/akitasumax.com\/portugues\/akt-ss-4000r\/\">\n\t\t\t\t\t\t<span class=\"elementor-button-content-wrapper\">\n\t\t\t\t\t\t\t\t\t<span class=\"elementor-button-text\">Direita<\/span>\n\t\t\t\t\t<\/span>\n\t\t\t\t\t<\/a>\n\t\t\t\t<\/div>\n\t\t\t\t\t\t\t\t<\/div>\n\t\t\t\t<\/div>\n\t\t\t\t<div class=\"elementor-element elementor-element-b084c68 elementor-align-left elementor-widget elementor-widget-button\" data-id=\"b084c68\" data-element_type=\"widget\" data-e-type=\"widget\" data-widget_type=\"button.default\">\n\t\t\t\t<div class=\"elementor-widget-container\">\n\t\t\t\t\t\t\t\t\t<div class=\"elementor-button-wrapper\">\n\t\t\t\t\t<a class=\"elementor-button elementor-button-link elementor-size-sm\" href=\"https:\/\/akitasumax.com\/portugues\/akt-ss-4000l\/\">\n\t\t\t\t\t\t<span class=\"elementor-button-content-wrapper\">\n\t\t\t\t\t\t\t\t\t<span class=\"elementor-button-text\">Esquerda<\/span>\n\t\t\t\t\t<\/span>\n\t\t\t\t\t<\/a>\n\t\t\t\t<\/div>\n\t\t\t\t\t\t\t\t<\/div>\n\t\t\t\t<\/div>\n\t\t\t\t\t<\/div>\n\t\t<\/div>\n\t\t\t\t\t<\/div>\n\t\t<\/section>\n\t\t\t\t<div class=\"elementor-element elementor-element-00421b4 elementor-widget elementor-widget-image-gallery\" data-id=\"00421b4\" data-element_type=\"widget\" data-e-type=\"widget\" data-widget_type=\"image-gallery.default\">\n\t\t\t\t<div class=\"elementor-widget-container\">\n\t\t\t\t\t\t\t<div class=\"elementor-image-gallery\">\n\t\t\t\n\t\t<style type=\"text\/css\">\n\t\t\t#gallery-1 {\n\t\t\t\tmargin: auto;\n\t\t\t}\n\t\t\t#gallery-1 .gallery-item {\n\t\t\t\tfloat: left;\n\t\t\t\tmargin-top: 10px;\n\t\t\t\ttext-align: center;\n\t\t\t\twidth: 10%;\n\t\t\t}\n\t\t\t#gallery-1 img {\n\t\t\t\tborder: 2px solid #cfcfcf;\n\t\t\t}\n\t\t\t#gallery-1 .gallery-caption {\n\t\t\t\tmargin-left: 0;\n\t\t\t}\n\t\t\t\/* see gallery_shortcode() in wp-includes\/media.php *\/\n\t\t<\/style>\n\t\t<div id='gallery-1' class='gallery galleryid-1675 gallery-columns-10 gallery-size-full'><dl class='gallery-item'>\n\t\t\t<dt class='gallery-icon portrait'>\n\t\t\t\t<a data-elementor-open-lightbox=\"no\" href='https:\/\/akitasumax.com\/wp-content\/uploads\/2021\/08\/AKT-SS-4000R-01-1.jpg'><img decoding=\"async\" width=\"548\" height=\"640\" src=\"https:\/\/akitasumax.com\/wp-content\/uploads\/2021\/08\/AKT-SS-4000R-01-1.jpg\" class=\"attachment-full size-full\" alt=\"\" srcset=\"https:\/\/akitasumax.com\/wp-content\/uploads\/2021\/08\/AKT-SS-4000R-01-1.jpg 548w, https:\/\/akitasumax.com\/wp-content\/uploads\/2021\/08\/AKT-SS-4000R-01-1-257x300.jpg 257w\" sizes=\"(max-width: 548px) 100vw, 548px\" \/><\/a>\n\t\t\t<\/dt><\/dl><dl class='gallery-item'>\n\t\t\t<dt class='gallery-icon portrait'>\n\t\t\t\t<a data-elementor-open-lightbox=\"no\" href='https:\/\/akitasumax.com\/wp-content\/uploads\/2021\/08\/AKT-SS-4000R-02-1.jpg'><img decoding=\"async\" width=\"548\" height=\"640\" src=\"https:\/\/akitasumax.com\/wp-content\/uploads\/2021\/08\/AKT-SS-4000R-02-1.jpg\" class=\"attachment-full size-full\" alt=\"\" srcset=\"https:\/\/akitasumax.com\/wp-content\/uploads\/2021\/08\/AKT-SS-4000R-02-1.jpg 548w, https:\/\/akitasumax.com\/wp-content\/uploads\/2021\/08\/AKT-SS-4000R-02-1-257x300.jpg 257w\" sizes=\"(max-width: 548px) 100vw, 548px\" \/><\/a>\n\t\t\t<\/dt><\/dl>\n\t\t\t<br style='clear: both' \/>\n\t\t<\/div>\n\t\t<\/div>\n\t\t\t\t\t\t<\/div>\n\t\t\t\t<\/div>\n\t\t\t\t\t<\/div>\n\t\t<\/div>\n\t\t\t\t\t<\/div>\n\t\t<\/section>\n\t\t\t\t<section class=\"elementor-section elementor-top-section elementor-element elementor-element-16aa8d3 elementor-section-boxed elementor-section-height-default elementor-section-height-default\" data-id=\"16aa8d3\" data-element_type=\"section\" data-e-type=\"section\">\n\t\t\t\t\t\t<div class=\"elementor-container elementor-column-gap-default\">\n\t\t\t\t\t<div class=\"elementor-column elementor-col-100 elementor-top-column elementor-element elementor-element-4db638e\" data-id=\"4db638e\" data-element_type=\"column\" data-e-type=\"column\">\n\t\t\t<div class=\"elementor-widget-wrap elementor-element-populated\">\n\t\t\t\t\t\t<div class=\"elementor-element elementor-element-988e0fb elementor-widget-divider--view-line elementor-widget elementor-widget-divider\" data-id=\"988e0fb\" data-element_type=\"widget\" data-e-type=\"widget\" data-widget_type=\"divider.default\">\n\t\t\t\t<div class=\"elementor-widget-container\">\n\t\t\t\t\t\t\t<div class=\"elementor-divider\">\n\t\t\t<span class=\"elementor-divider-separator\">\n\t\t\t\t\t\t<\/span>\n\t\t<\/div>\n\t\t\t\t\t\t<\/div>\n\t\t\t\t<\/div>\n\t\t\t\t\t<\/div>\n\t\t<\/div>\n\t\t\t\t\t<\/div>\n\t\t<\/section>\n\t\t\t\t<section class=\"elementor-section elementor-top-section elementor-element elementor-element-d56a8bb elementor-section-boxed elementor-section-height-default elementor-section-height-default\" data-id=\"d56a8bb\" data-element_type=\"section\" data-e-type=\"section\" data-settings=\"{&quot;background_background&quot;:&quot;classic&quot;}\">\n\t\t\t\t\t\t<div class=\"elementor-container elementor-column-gap-default\">\n\t\t\t\t\t<div class=\"elementor-column elementor-col-33 elementor-top-column elementor-element elementor-element-d862265\" data-id=\"d862265\" data-element_type=\"column\" data-e-type=\"column\">\n\t\t\t<div class=\"elementor-widget-wrap elementor-element-populated\">\n\t\t\t\t\t\t<div class=\"elementor-element elementor-element-ce687af elementor-widget elementor-widget-text-editor\" data-id=\"ce687af\" data-element_type=\"widget\" data-e-type=\"widget\" data-widget_type=\"text-editor.default\">\n\t\t\t\t<div class=\"elementor-widget-container\">\n\t\t\t\t\t\t\t\t\t<p>O corpo da SUMAX AKITA II oferece rigidez e resist\u00eancia ao impacto, eliminando a flex\u00e3o do corpo, resultando na convers\u00e3o direta das a\u00e7\u00f5es do pescador em for\u00e7a inicial.<\/p>\t\t\t\t\t\t\t\t<\/div>\n\t\t\t\t<\/div>\n\t\t\t\t\t<\/div>\n\t\t<\/div>\n\t\t\t\t<div class=\"elementor-column elementor-col-33 elementor-top-column elementor-element elementor-element-67a252d\" data-id=\"67a252d\" data-element_type=\"column\" data-e-type=\"column\">\n\t\t\t<div class=\"elementor-widget-wrap elementor-element-populated\">\n\t\t\t\t\t\t\t<\/div>\n\t\t<\/div>\n\t\t\t\t<div class=\"elementor-column elementor-col-33 elementor-top-column elementor-element elementor-element-d288afd\" data-id=\"d288afd\" data-element_type=\"column\" data-e-type=\"column\">\n\t\t\t<div class=\"elementor-widget-wrap elementor-element-populated\">\n\t\t\t\t\t\t<div class=\"elementor-element elementor-element-a18a030 elementor-widget elementor-widget-text-editor\" data-id=\"a18a030\" data-element_type=\"widget\" data-e-type=\"widget\" data-widget_type=\"text-editor.default\">\n\t\t\t\t<div class=\"elementor-widget-container\">\n\t\t\t\t\t\t\t\t\t<p>Novos componentes:<br \/>* Engrenagem de rosca de lat\u00e3o, que \u00e9 um material de liga de cobre-zinco, de cor semelhante ao ouro, male\u00e1vel e altamente resistente \u00e0 corros\u00e3o.<\/p><p>\u00a0<\/p><p>Novas tecnologias:<br \/>* Fabricado com a mais avan\u00e7ada gera\u00e7\u00e3o de equipamentos e m\u00e1quinas de processamento<br \/>* Novas combina\u00e7\u00f5es de cores que lideram as tend\u00eancias <br \/>* Exatid\u00e3o na precis\u00e3o das engrenagens conseguindo giros mais suaves e sem emperramento;<br \/>* Mais ergon\u00f4mico em uso <br \/>* Dur\u00e1vel <br \/>* Melhor custo-benef\u00edcio<\/p>\t\t\t\t\t\t\t\t<\/div>\n\t\t\t\t<\/div>\n\t\t\t\t\t<\/div>\n\t\t<\/div>\n\t\t\t\t\t<\/div>\n\t\t<\/section>\n\t\t\t\t<section class=\"elementor-section elementor-top-section elementor-element elementor-element-91c29cb elementor-section-boxed elementor-section-height-default elementor-section-height-default\" data-id=\"91c29cb\" data-element_type=\"section\" data-e-type=\"section\">\n\t\t\t\t\t\t<div class=\"elementor-container elementor-column-gap-default\">\n\t\t\t\t\t<div class=\"elementor-column elementor-col-100 elementor-top-column elementor-element elementor-element-85ccceb\" data-id=\"85ccceb\" data-element_type=\"column\" data-e-type=\"column\">\n\t\t\t<div class=\"elementor-widget-wrap elementor-element-populated\">\n\t\t\t\t\t\t<div class=\"elementor-element elementor-element-8cf4824 elementor-widget elementor-widget-spacer\" data-id=\"8cf4824\" data-element_type=\"widget\" data-e-type=\"widget\" data-widget_type=\"spacer.default\">\n\t\t\t\t<div class=\"elementor-widget-container\">\n\t\t\t\t\t\t\t<div class=\"elementor-spacer\">\n\t\t\t<div class=\"elementor-spacer-inner\"><\/div>\n\t\t<\/div>\n\t\t\t\t\t\t<\/div>\n\t\t\t\t<\/div>\n\t\t\t\t<div class=\"elementor-element elementor-element-c541c3a elementor-widget elementor-widget-shortcode\" data-id=\"c541c3a\" data-element_type=\"widget\" data-e-type=\"widget\" data-widget_type=\"shortcode.default\">\n\t\t\t\t<div class=\"elementor-widget-container\">\n\t\t\t\t\t\t\t<div class=\"elementor-shortcode\">\n<table id=\"tablepress-1\" class=\"tablepress tablepress-id-1\">\n<thead>\n<tr class=\"row-1\">\n\t<th class=\"column-1\">Codigo<\/th><th class=\"column-2\">Velocidade<\/th><th class=\"column-3\">Rolamentos<\/th><th class=\"column-4\">Peso<\/th><th class=\"column-5\">Max Drag<\/th><th class=\"column-6\">Capacidade da linha<\/th><th class=\"column-7\">Manivela<\/th><th class=\"column-8\">Cor<\/th>\n<\/tr>\n<\/thead>\n<tbody class=\"row-striping row-hover\">\n<tr class=\"row-2\">\n\t<td class=\"column-1\">AKT-SS-4000R<\/td><td class=\"column-2\">7.1:1<\/td><td class=\"column-3\">3+1BB<\/td><td class=\"column-4\">7oz<\/td><td class=\"column-5\">16 lbs<\/td><td class=\"column-6\">120yds \/ 14lb<\/td><td class=\"column-7\">Direita<\/td><td class=\"column-8\">Vermelho<\/td>\n<\/tr>\n<tr class=\"row-3\">\n\t<td class=\"column-1\">AKT-SS-4000L<\/td><td class=\"column-2\">7.1:1<\/td><td class=\"column-3\">3+1BB<\/td><td class=\"column-4\">7oz<\/td><td class=\"column-5\">16 lbs<\/td><td class=\"column-6\">120yds \/ 14lb<\/td><td class=\"column-7\">Esquerda<\/td><td class=\"column-8\">Vermelho<\/td>\n<\/tr>\n<\/tbody>\n<\/table>\n<!-- #tablepress-1 from cache --><\/div>\n\t\t\t\t\t\t<\/div>\n\t\t\t\t<\/div>\n\t\t\t\t\t<\/div>\n\t\t<\/div>\n\t\t\t\t\t<\/div>\n\t\t<\/section>\n\t\t\t\t<\/div>","protected":false},"excerpt":{"rendered":"<p>AKT-SS-4000R Manivela Derecha Izquierda El cuerpo de AKITA proporciona rigidez y resistencia al impacto, eliminando pr\u00e1cticamente la flexi\u00f3n corporal, lo que da lugar a que las acciones del pescador se conviertan directamente en potencia de arranque. Nuevos componentes:* Engranaje de tornillo con laton, que es un material aleado de cobre y zinc, de color semejante&hellip;<\/p>","protected":false},"author":1,"featured_media":0,"parent":0,"menu_order":0,"comment_status":"closed","ping_status":"closed","template":"elementor_theme","meta":{"footnotes":""},"class_list":["post-1675","page","type-page","status-publish","hentry"],"_links":{"self":[{"href":"https:\/\/akitasumax.com\/portugues\/wp-json\/wp\/v2\/pages\/1675","targetHints":{"allow":["GET"]}}],"collection":[{"href":"https:\/\/akitasumax.com\/portugues\/wp-json\/wp\/v2\/pages"}],"about":[{"href":"https:\/\/akitasumax.com\/portugues\/wp-json\/wp\/v2\/types\/page"}],"author":[{"embeddable":true,"href":"https:\/\/akitasumax.com\/portugues\/wp-json\/wp\/v2\/users\/1"}],"replies":[{"embeddable":true,"href":"https:\/\/akitasumax.com\/portugues\/wp-json\/wp\/v2\/comments?post=1675"}],"version-history":[{"count":20,"href":"https:\/\/akitasumax.com\/portugues\/wp-json\/wp\/v2\/pages\/1675\/revisions"}],"predecessor-version":[{"id":2735,"href":"https:\/\/akitasumax.com\/portugues\/wp-json\/wp\/v2\/pages\/1675\/revisions\/2735"}],"wp:attachment":[{"href":"https:\/\/akitasumax.com\/portugues\/wp-json\/wp\/v2\/media?parent=1675"}],"curies":[{"name":"wp","href":"https:\/\/api.w.org\/{rel}","templated":true}]}}