{"id":2479,"date":"2021-09-21T14:51:40","date_gmt":"2021-09-21T14:51:40","guid":{"rendered":"http:\/\/akitasumax.com\/?page_id=2479"},"modified":"2021-09-30T13:26:59","modified_gmt":"2021-09-30T13:26:59","slug":"tecnologia","status":"publish","type":"page","link":"https:\/\/akitasumax.com\/portugues\/tecnologia\/","title":{"rendered":"Tecnologias"},"content":{"rendered":"<div data-elementor-type=\"wp-page\" data-elementor-id=\"2479\" class=\"elementor elementor-2479\">\n\t\t\t\t\t\t<section class=\"elementor-section elementor-top-section elementor-element elementor-element-02ac22c elementor-section-boxed elementor-section-height-default elementor-section-height-default\" data-id=\"02ac22c\" data-element_type=\"section\" data-e-type=\"section\">\n\t\t\t\t\t\t<div class=\"elementor-container elementor-column-gap-default\">\n\t\t\t\t\t<div class=\"elementor-column elementor-col-100 elementor-top-column elementor-element elementor-element-94d21bf\" data-id=\"94d21bf\" data-element_type=\"column\" data-e-type=\"column\">\n\t\t\t<div class=\"elementor-widget-wrap elementor-element-populated\">\n\t\t\t\t\t\t<div class=\"elementor-element elementor-element-1aa1740 elementor-widget elementor-widget-heading\" data-id=\"1aa1740\" data-element_type=\"widget\" data-e-type=\"widget\" data-widget_type=\"heading.default\">\n\t\t\t\t<div class=\"elementor-widget-container\">\n\t\t\t\t\t<h1 class=\"elementor-heading-title elementor-size-default\">TECNOLOGIAS DE<\/h1>\t\t\t\t<\/div>\n\t\t\t\t<\/div>\n\t\t\t\t<div class=\"elementor-element elementor-element-ec8e9bd elementor-widget elementor-widget-image\" data-id=\"ec8e9bd\" data-element_type=\"widget\" data-e-type=\"widget\" data-widget_type=\"image.default\">\n\t\t\t\t<div class=\"elementor-widget-container\">\n\t\t\t\t\t\t\t\t\t\t\t\t\t\t\t<img fetchpriority=\"high\" decoding=\"async\" width=\"666\" height=\"163\" src=\"https:\/\/akitasumax.com\/wp-content\/uploads\/2021\/09\/Tecnologias-e1632334333616.jpg\" class=\"attachment-futurio-med size-futurio-med wp-image-2482\" alt=\"\" srcset=\"https:\/\/akitasumax.com\/wp-content\/uploads\/2021\/09\/Tecnologias-e1632334333616.jpg 666w, https:\/\/akitasumax.com\/wp-content\/uploads\/2021\/09\/Tecnologias-e1632334333616-300x73.jpg 300w\" sizes=\"(max-width: 666px) 100vw, 666px\" \/>\t\t\t\t\t\t\t\t\t\t\t\t\t\t\t<\/div>\n\t\t\t\t<\/div>\n\t\t\t\t\t<\/div>\n\t\t<\/div>\n\t\t\t\t\t<\/div>\n\t\t<\/section>\n\t\t\t\t<section class=\"elementor-section elementor-top-section elementor-element elementor-element-364396c elementor-section-boxed elementor-section-height-default elementor-section-height-default\" data-id=\"364396c\" data-element_type=\"section\" data-e-type=\"section\">\n\t\t\t\t\t\t<div class=\"elementor-container elementor-column-gap-default\">\n\t\t\t\t\t<div class=\"elementor-column elementor-col-100 elementor-top-column elementor-element elementor-element-d88d56d\" data-id=\"d88d56d\" data-element_type=\"column\" data-e-type=\"column\">\n\t\t\t<div class=\"elementor-widget-wrap elementor-element-populated\">\n\t\t\t\t\t\t<div class=\"elementor-element elementor-element-676e071 elementor-widget elementor-widget-text-editor\" data-id=\"676e071\" data-element_type=\"widget\" data-e-type=\"widget\" data-widget_type=\"text-editor.default\">\n\t\t\t\t<div class=\"elementor-widget-container\">\n\t\t\t\t\t\t\t\t\t<p>Os mecanismos que envolvem o funcionamento de uma carretilha de pesca s\u00e3o complexos, desde a forma como \u00e9 acionada a arrecada\u00e7\u00e3o da linha, at\u00e9 as engrenagens e estrutura interna que comp\u00f5em cada uma das partes. Existe uma grande variedade de modelos no mercado com diferentes fun\u00e7\u00f5es e tamanhos, mas nem todos suportam os rigores do uso frequente e a exposi\u00e7\u00e3o a situa\u00e7\u00f5es adversas. \u00a0<\/p><p>SUMAX AKITA est\u00e1 na vanguarda em termos de tecnologia e continua a evoluir. Desde o design mais compacto at\u00e9 a implementa\u00e7\u00e3o de novas fun\u00e7\u00f5es para melhorar o desempenho de nossos pescadores e amadores, SUMAX AKITA II sempre liderando tend\u00eancias.<\/p>\t\t\t\t\t\t\t\t<\/div>\n\t\t\t\t<\/div>\n\t\t\t\t<div class=\"elementor-element elementor-element-ff05469 elementor-widget elementor-widget-spacer\" data-id=\"ff05469\" data-element_type=\"widget\" data-e-type=\"widget\" data-widget_type=\"spacer.default\">\n\t\t\t\t<div class=\"elementor-widget-container\">\n\t\t\t\t\t\t\t<div class=\"elementor-spacer\">\n\t\t\t<div class=\"elementor-spacer-inner\"><\/div>\n\t\t<\/div>\n\t\t\t\t\t\t<\/div>\n\t\t\t\t<\/div>\n\t\t\t\t\t<\/div>\n\t\t<\/div>\n\t\t\t\t\t<\/div>\n\t\t<\/section>\n\t\t\t\t<section class=\"elementor-section elementor-top-section elementor-element elementor-element-92071e5 elementor-section-boxed elementor-section-height-default elementor-section-height-default\" data-id=\"92071e5\" data-element_type=\"section\" data-e-type=\"section\">\n\t\t\t\t\t\t<div class=\"elementor-container elementor-column-gap-default\">\n\t\t\t\t\t<div class=\"elementor-column elementor-col-100 elementor-top-column elementor-element elementor-element-fc6f961\" data-id=\"fc6f961\" data-element_type=\"column\" data-e-type=\"column\">\n\t\t\t<div class=\"elementor-widget-wrap elementor-element-populated\">\n\t\t\t\t\t\t<div class=\"elementor-element elementor-element-2bceb29 elementor-widget elementor-widget-video\" data-id=\"2bceb29\" data-element_type=\"widget\" data-e-type=\"widget\" data-settings=\"{&quot;video_type&quot;:&quot;hosted&quot;,&quot;autoplay&quot;:&quot;yes&quot;,&quot;play_on_mobile&quot;:&quot;yes&quot;,&quot;loop&quot;:&quot;yes&quot;,&quot;mute&quot;:&quot;yes&quot;,&quot;controls&quot;:&quot;yes&quot;}\" data-widget_type=\"video.default\">\n\t\t\t\t<div class=\"elementor-widget-container\">\n\t\t\t\t\t\t\t<div class=\"e-hosted-video elementor-wrapper elementor-open-inline\">\n\t\t\t\t\t<video class=\"elementor-video\" src=\"http:\/\/79o.686.myftpupload.com\/wp-content\/uploads\/2021\/09\/Akita-Site.mp4\" autoplay=\"\" loop=\"\" controls=\"\" muted=\"muted\" playsinline=\"\"><\/video>\n\t\t\t\t<\/div>\n\t\t\t\t\t\t<\/div>\n\t\t\t\t<\/div>\n\t\t\t\t\t<\/div>\n\t\t<\/div>\n\t\t\t\t\t<\/div>\n\t\t<\/section>\n\t\t\t\t<\/div>","protected":false},"excerpt":{"rendered":"<p>TECNOLOGIAS DE Los mecanismos que encierran el funcionamiento de una carretilla para la pesca son complejos, desde c\u00f3mo se acciona la recogida del hilo, hasta los engranajes y estructura interna que forman todas y cada una de las partes. Existe una gran variedad de modelos en el mercado con diferentes funciones y\u00a0 tama\u00f1os, pero no&hellip;<\/p>","protected":false},"author":1,"featured_media":0,"parent":0,"menu_order":0,"comment_status":"closed","ping_status":"closed","template":"elementor_theme","meta":{"footnotes":""},"class_list":["post-2479","page","type-page","status-publish","hentry"],"_links":{"self":[{"href":"https:\/\/akitasumax.com\/portugues\/wp-json\/wp\/v2\/pages\/2479","targetHints":{"allow":["GET"]}}],"collection":[{"href":"https:\/\/akitasumax.com\/portugues\/wp-json\/wp\/v2\/pages"}],"about":[{"href":"https:\/\/akitasumax.com\/portugues\/wp-json\/wp\/v2\/types\/page"}],"author":[{"embeddable":true,"href":"https:\/\/akitasumax.com\/portugues\/wp-json\/wp\/v2\/users\/1"}],"replies":[{"embeddable":true,"href":"https:\/\/akitasumax.com\/portugues\/wp-json\/wp\/v2\/comments?post=2479"}],"version-history":[{"count":17,"href":"https:\/\/akitasumax.com\/portugues\/wp-json\/wp\/v2\/pages\/2479\/revisions"}],"predecessor-version":[{"id":2589,"href":"https:\/\/akitasumax.com\/portugues\/wp-json\/wp\/v2\/pages\/2479\/revisions\/2589"}],"wp:attachment":[{"href":"https:\/\/akitasumax.com\/portugues\/wp-json\/wp\/v2\/media?parent=2479"}],"curies":[{"name":"wp","href":"https:\/\/api.w.org\/{rel}","templated":true}]}}